{"id":280,"date":"2023-12-18T16:34:07","date_gmt":"2023-12-18T16:34:07","guid":{"rendered":"https:\/\/ctccarrellielevatori.it\/?page_id=280"},"modified":"2023-12-18T16:38:47","modified_gmt":"2023-12-18T16:38:47","slug":"informativa-trattamento-dati","status":"publish","type":"page","link":"https:\/\/ctccarrellielevatori.it\/?page_id=280","title":{"rendered":"Informativa Trattamento Dati"},"content":{"rendered":"\t\t<div data-elementor-type=\"wp-page\" data-elementor-id=\"280\" class=\"elementor elementor-280\">\n\t\t\t\t\t\t\t\t\t<section data-particle_enable=\"false\" data-particle-mobile-disabled=\"false\" class=\"elementor-section elementor-top-section elementor-element elementor-element-dfc21ab elementor-section-boxed elementor-section-height-default elementor-section-height-default\" data-id=\"dfc21ab\" data-element_type=\"section\" data-settings=\"{&quot;_ha_eqh_enable&quot;:false}\">\n\t\t\t\t\t\t<div class=\"elementor-container elementor-column-gap-default\">\n\t\t\t\t\t<div class=\"elementor-column elementor-col-100 elementor-top-column elementor-element elementor-element-be15e53\" data-id=\"be15e53\" data-element_type=\"column\">\n\t\t\t<div class=\"elementor-widget-wrap elementor-element-populated\">\n\t\t\t\t\t\t\t\t<div class=\"elementor-element elementor-element-c452a4b elementor-widget elementor-widget-heading\" data-id=\"c452a4b\" data-element_type=\"widget\" data-widget_type=\"heading.default\">\n\t\t\t\t<div class=\"elementor-widget-container\">\n\t\t\t<style>\/*! elementor - v3.12.1 - 02-04-2023 *\/\n.elementor-heading-title{padding:0;margin:0;line-height:1}.elementor-widget-heading .elementor-heading-title[class*=elementor-size-]>a{color:inherit;font-size:inherit;line-height:inherit}.elementor-widget-heading .elementor-heading-title.elementor-size-small{font-size:15px}.elementor-widget-heading .elementor-heading-title.elementor-size-medium{font-size:19px}.elementor-widget-heading .elementor-heading-title.elementor-size-large{font-size:29px}.elementor-widget-heading .elementor-heading-title.elementor-size-xl{font-size:39px}.elementor-widget-heading .elementor-heading-title.elementor-size-xxl{font-size:59px}<\/style><h2 class=\"elementor-heading-title elementor-size-default\">Informativa sul trattamento dei dati personali ex art. 13-14 Reg.to UE 2016\/679<\/h2>\t\t<\/div>\n\t\t\t\t<\/div>\n\t\t\t\t<div class=\"elementor-element elementor-element-1e5afe9 elementor-widget elementor-widget-text-editor\" data-id=\"1e5afe9\" data-element_type=\"widget\" data-widget_type=\"text-editor.default\">\n\t\t\t\t<div class=\"elementor-widget-container\">\n\t\t\t<style>\/*! elementor - v3.12.1 - 02-04-2023 *\/\n.elementor-widget-text-editor.elementor-drop-cap-view-stacked .elementor-drop-cap{background-color:#69727d;color:#fff}.elementor-widget-text-editor.elementor-drop-cap-view-framed .elementor-drop-cap{color:#69727d;border:3px solid;background-color:transparent}.elementor-widget-text-editor:not(.elementor-drop-cap-view-default) .elementor-drop-cap{margin-top:8px}.elementor-widget-text-editor:not(.elementor-drop-cap-view-default) .elementor-drop-cap-letter{width:1em;height:1em}.elementor-widget-text-editor .elementor-drop-cap{float:left;text-align:center;line-height:1;font-size:50px}.elementor-widget-text-editor .elementor-drop-cap-letter{display:inline-block}<\/style>\t\t\t\t<p>Ecco il testo modificato secondo i dati forniti:<\/p><p>&#8220;Informativa sulla privacy ex art. 13-14 del Regolamento UE 2016\/679<\/p><p>CTC Carrelli Elevatori Srl, con sede legale in Via Milano, 12\/14 &#8211; 23875 Osnago (LC), in qualit\u00e0 di Titolare del trattamento dei Suoi dati personali, ai sensi e per gli effetti del Regolamento UE 2016\/679, La informa che la suddetta normativa disciplina la tutela dei dati personali e garantisce il rispetto dei principi di correttezza, liceit\u00e0, trasparenza e tutela della Sua riservatezza e dei Suoi diritti.<br \/>Il trattamento dei Suoi dati personali avverr\u00e0 nel rispetto della normativa sopra menzionata e degli obblighi di riservatezza in essa previsti.<\/p><p>Finalit\u00e0 del trattamento<br \/>I Suoi dati saranno trattati per adempiere a obblighi legislativi o contrattuali, nello specifico:<\/p><p>accesso tecnico e funzionale al Sito senza conservazione dei dati dopo la chiusura del Browser;<br \/>ricerche\/analisi statistiche su dati aggregati o anonimi, finalizzate a valutare il funzionamento del Sito, il traffico e l&#8217;usabilit\u00e0;<br \/>navigazione avanzata o gestione dei contenuti personalizzata.<br \/>Il trattamento dei dati per tali finalit\u00e0 \u00e8 necessario per la gestione corretta del rapporto e il loro conferimento \u00e8 obbligatorio. L&#8217;eventuale mancata comunicazione o comunicazione errata di informazioni obbligatorie potrebbe impedire al Titolare di garantire la congruit\u00e0 del trattamento.<\/p><p>Previo Suo consenso, i Suoi dati personali potranno essere utilizzati per finalit\u00e0 di:<\/p><p>marketing e pubblicit\u00e0.<br \/>Il conferimento dei dati per le finalit\u00e0 sopra indicate \u00e8 facoltativo e un eventuale rifiuto al trattamento non influir\u00e0 sulla prosecuzione del rapporto.<\/p><p>Modalit\u00e0 di trattamento<br \/>I Suoi dati potrebbero essere trattati:<\/p><p>con sistemi software gestiti da Terzi;<br \/>con sistemi software gestiti o programmati direttamente;<br \/>temporaneamente in forma anonima.<br \/>Tutti i trattamenti avverranno nel rispetto delle modalit\u00e0 previste dall&#8217;art. 6 e 32 del GDPR, con l&#8217;adozione di adeguate misure di sicurezza.<\/p><p>Comunicazione e Diffusione<br \/>I Suoi dati saranno comunicati solo a soggetti competenti e debitamente autorizzati per l&#8217;espletamento dei servizi necessari, garantendo la tutela dei Suoi diritti. Potranno essere trattati da personale autorizzato dal Titolare, in particolare da:<\/p><p>programmatori e analisti;<br \/>ufficio Marketing.<br \/>I dati potrebbero essere comunicati a Responsabili del trattamento nominati dal Titolare, come ad esempio:<\/p><p>Facebook Custom Audience, Facebook, Webceo, Google AdWords, Google Analytics, Google Display Network, Google Tag Manager.<br \/>Diffusione<\/p><p>I Suoi dati personali non saranno diffusi in alcun modo.<\/p><p>Periodo di Conservazione<br \/>Il periodo di conservazione dei Suoi dati sar\u00e0 limitato al conseguimento delle finalit\u00e0 per cui sono raccolti, nel rispetto dei tempi obbligatori prescritti dalla legge.<\/p><p>Cookie<br \/>Per maggiori informazioni sui cookie, La invitiamo a consultare la sezione Cookie Policy presente nel footer di ogni pagina del sito eltras.com.<\/p><p>Diritti dell&#8217;Interessato<br \/>Lei ha diritto di ottenere dal Titolare la cancellazione, la limitazione, l&#8217;aggiornamento, la rettificazione, la portabilit\u00e0 e l&#8217;opposizione al trattamento dei dati che La riguardano. Pu\u00f2 esercitare tali diritti ai sensi degli artt. 15-22 del GDPR.<\/p><p>Titolare del trattamento dei dati<br \/>Il Titolare del trattamento \u00e8 CTC Carrelli Elevatori Srl, Via Milano, 12\/14 &#8211; 23875 Osnago (LC), Italia. Email: info@ctccarrellielevatori.it. Telefono: +39 039 5783864. P.IVA 03992690135.<\/p><p>Regolamento UE 2016\/679: Art. 15-22 &#8211; Diritti dell&#8217;Interessato<\/p><p>1. L&#8217;interessato ha diritto di ottenere la conferma dell&#8217;esistenza o meno di dati personali che lo riguardano, anche se non ancora registrati, e la loro comunicazione in forma intelligibile.<br \/>2. L&#8217;interessato ha diritto di ottenere informazioni sull&#8217;origine dei dati, sulle finalit\u00e0 e modalit\u00e0 del trattamento, sull&#8217;identit\u00e0 del Titolare e dei Responsabili, sui soggetti cui i dati possono essere comunicati e su chi ha accesso ai dati.<br \/>3. L&#8217;interessato ha diritto di chiedere l&#8217;aggiornamento, la rettifica, la cancellazione o il blocco dei dati trattati in violazione di legge, nonch\u00e9 di opporsi al trattamento per motivi legittimi.<br \/>4. L&#8217;interessato ha diritto di opporsi al trattamento per finalit\u00e0 di marketing diretto.&#8221;<\/p><p>CTC Carrelli Elevatori Srl<\/p>\t\t\t\t\t\t<\/div>\n\t\t\t\t<\/div>\n\t\t\t\t\t<\/div>\n\t\t<\/div>\n\t\t\t\t\t\t\t<\/div>\n\t\t<\/section>\n\t\t\t\t\t\t\t<\/div>\n\t\t","protected":false},"excerpt":{"rendered":"<p>Informativa sul trattamento dei dati personali ex art. 13-14 Reg.to UE 2016\/679 Ecco il testo modificato secondo i dati forniti: &#8220;Informativa sulla privacy ex art. 13-14 del Regolamento UE 2016\/679 CTC Carrelli Elevatori Srl, con sede legale in Via Milano, 12\/14 &#8211; 23875 Osnago (LC), in qualit\u00e0 di Titolare del trattamento dei Suoi dati personali, &hellip;<\/p>\n<p class=\"read-more\"> <a class=\"\" href=\"https:\/\/ctccarrellielevatori.it\/?page_id=280\"> <span class=\"screen-reader-text\">Informativa Trattamento Dati<\/span> Leggi altro &raquo;<\/a><\/p>\n","protected":false},"author":1,"featured_media":0,"parent":0,"menu_order":0,"comment_status":"closed","ping_status":"closed","template":"elementor_header_footer","meta":{"site-sidebar-layout":"no-sidebar","site-content-layout":"page-builder","ast-main-header-display":"","ast-hfb-above-header-display":"","ast-hfb-below-header-display":"","ast-hfb-mobile-header-display":"","site-post-title":"disabled","ast-breadcrumbs-content":"","ast-featured-img":"disabled","footer-sml-layout":"","theme-transparent-header-meta":"","adv-header-id-meta":"","stick-header-meta":"","header-above-stick-meta":"","header-main-stick-meta":"","header-below-stick-meta":"","footnotes":""},"yoast_head":"<!-- This site is optimized with the Yoast SEO plugin v20.7 - https:\/\/yoast.com\/wordpress\/plugins\/seo\/ -->\n<title>Informativa Trattamento Dati - CTC<\/title>\n<meta name=\"robots\" content=\"index, follow, max-snippet:-1, max-image-preview:large, max-video-preview:-1\" \/>\n<link rel=\"canonical\" href=\"https:\/\/ctccarrellielevatori.it\/?page_id=280\" \/>\n<meta property=\"og:locale\" content=\"it_IT\" \/>\n<meta property=\"og:type\" content=\"article\" \/>\n<meta property=\"og:title\" content=\"Informativa Trattamento Dati - CTC\" \/>\n<meta property=\"og:description\" content=\"Informativa sul trattamento dei dati personali ex art. 13-14 Reg.to UE 2016\/679 Ecco il testo modificato secondo i dati forniti: &#8220;Informativa sulla privacy ex art. 13-14 del Regolamento UE 2016\/679 CTC Carrelli Elevatori Srl, con sede legale in Via Milano, 12\/14 &#8211; 23875 Osnago (LC), in qualit\u00e0 di Titolare del trattamento dei Suoi dati personali, &hellip; Informativa Trattamento Dati Leggi altro &raquo;\" \/>\n<meta property=\"og:url\" content=\"https:\/\/ctccarrellielevatori.it\/?page_id=280\" \/>\n<meta property=\"og:site_name\" content=\"CTC\" \/>\n<meta property=\"article:modified_time\" content=\"2023-12-18T16:38:47+00:00\" \/>\n<meta name=\"twitter:card\" content=\"summary_large_image\" \/>\n<meta name=\"twitter:label1\" content=\"Tempo di lettura stimato\" \/>\n\t<meta name=\"twitter:data1\" content=\"4 minuti\" \/>\n<script type=\"application\/ld+json\" class=\"yoast-schema-graph\">{\"@context\":\"https:\/\/schema.org\",\"@graph\":[{\"@type\":\"WebPage\",\"@id\":\"https:\/\/ctccarrellielevatori.it\/?page_id=280\",\"url\":\"https:\/\/ctccarrellielevatori.it\/?page_id=280\",\"name\":\"Informativa Trattamento Dati - CTC\",\"isPartOf\":{\"@id\":\"https:\/\/ctccarrellielevatori.it\/#website\"},\"datePublished\":\"2023-12-18T16:34:07+00:00\",\"dateModified\":\"2023-12-18T16:38:47+00:00\",\"breadcrumb\":{\"@id\":\"https:\/\/ctccarrellielevatori.it\/?page_id=280#breadcrumb\"},\"inLanguage\":\"it-IT\",\"potentialAction\":[{\"@type\":\"ReadAction\",\"target\":[\"https:\/\/ctccarrellielevatori.it\/?page_id=280\"]}]},{\"@type\":\"BreadcrumbList\",\"@id\":\"https:\/\/ctccarrellielevatori.it\/?page_id=280#breadcrumb\",\"itemListElement\":[{\"@type\":\"ListItem\",\"position\":1,\"name\":\"Home\",\"item\":\"https:\/\/ctccarrellielevatori.it\/\"},{\"@type\":\"ListItem\",\"position\":2,\"name\":\"Informativa Trattamento Dati\"}]},{\"@type\":\"WebSite\",\"@id\":\"https:\/\/ctccarrellielevatori.it\/#website\",\"url\":\"https:\/\/ctccarrellielevatori.it\/\",\"name\":\"CTC\",\"description\":\"Carrelli Elevatori\",\"potentialAction\":[{\"@type\":\"SearchAction\",\"target\":{\"@type\":\"EntryPoint\",\"urlTemplate\":\"https:\/\/ctccarrellielevatori.it\/?s={search_term_string}\"},\"query-input\":\"required name=search_term_string\"}],\"inLanguage\":\"it-IT\"}]}<\/script>\n<!-- \/ Yoast SEO plugin. -->","yoast_head_json":{"title":"Informativa Trattamento Dati - CTC","robots":{"index":"index","follow":"follow","max-snippet":"max-snippet:-1","max-image-preview":"max-image-preview:large","max-video-preview":"max-video-preview:-1"},"canonical":"https:\/\/ctccarrellielevatori.it\/?page_id=280","og_locale":"it_IT","og_type":"article","og_title":"Informativa Trattamento Dati - CTC","og_description":"Informativa sul trattamento dei dati personali ex art. 13-14 Reg.to UE 2016\/679 Ecco il testo modificato secondo i dati forniti: &#8220;Informativa sulla privacy ex art. 13-14 del Regolamento UE 2016\/679 CTC Carrelli Elevatori Srl, con sede legale in Via Milano, 12\/14 &#8211; 23875 Osnago (LC), in qualit\u00e0 di Titolare del trattamento dei Suoi dati personali, &hellip; Informativa Trattamento Dati Leggi altro &raquo;","og_url":"https:\/\/ctccarrellielevatori.it\/?page_id=280","og_site_name":"CTC","article_modified_time":"2023-12-18T16:38:47+00:00","twitter_card":"summary_large_image","twitter_misc":{"Tempo di lettura stimato":"4 minuti"},"schema":{"@context":"https:\/\/schema.org","@graph":[{"@type":"WebPage","@id":"https:\/\/ctccarrellielevatori.it\/?page_id=280","url":"https:\/\/ctccarrellielevatori.it\/?page_id=280","name":"Informativa Trattamento Dati - CTC","isPartOf":{"@id":"https:\/\/ctccarrellielevatori.it\/#website"},"datePublished":"2023-12-18T16:34:07+00:00","dateModified":"2023-12-18T16:38:47+00:00","breadcrumb":{"@id":"https:\/\/ctccarrellielevatori.it\/?page_id=280#breadcrumb"},"inLanguage":"it-IT","potentialAction":[{"@type":"ReadAction","target":["https:\/\/ctccarrellielevatori.it\/?page_id=280"]}]},{"@type":"BreadcrumbList","@id":"https:\/\/ctccarrellielevatori.it\/?page_id=280#breadcrumb","itemListElement":[{"@type":"ListItem","position":1,"name":"Home","item":"https:\/\/ctccarrellielevatori.it\/"},{"@type":"ListItem","position":2,"name":"Informativa Trattamento Dati"}]},{"@type":"WebSite","@id":"https:\/\/ctccarrellielevatori.it\/#website","url":"https:\/\/ctccarrellielevatori.it\/","name":"CTC","description":"Carrelli Elevatori","potentialAction":[{"@type":"SearchAction","target":{"@type":"EntryPoint","urlTemplate":"https:\/\/ctccarrellielevatori.it\/?s={search_term_string}"},"query-input":"required name=search_term_string"}],"inLanguage":"it-IT"}]}},"_links":{"self":[{"href":"https:\/\/ctccarrellielevatori.it\/index.php?rest_route=\/wp\/v2\/pages\/280"}],"collection":[{"href":"https:\/\/ctccarrellielevatori.it\/index.php?rest_route=\/wp\/v2\/pages"}],"about":[{"href":"https:\/\/ctccarrellielevatori.it\/index.php?rest_route=\/wp\/v2\/types\/page"}],"author":[{"embeddable":true,"href":"https:\/\/ctccarrellielevatori.it\/index.php?rest_route=\/wp\/v2\/users\/1"}],"replies":[{"embeddable":true,"href":"https:\/\/ctccarrellielevatori.it\/index.php?rest_route=%2Fwp%2Fv2%2Fcomments&post=280"}],"version-history":[{"count":4,"href":"https:\/\/ctccarrellielevatori.it\/index.php?rest_route=\/wp\/v2\/pages\/280\/revisions"}],"predecessor-version":[{"id":290,"href":"https:\/\/ctccarrellielevatori.it\/index.php?rest_route=\/wp\/v2\/pages\/280\/revisions\/290"}],"wp:attachment":[{"href":"https:\/\/ctccarrellielevatori.it\/index.php?rest_route=%2Fwp%2Fv2%2Fmedia&parent=280"}],"curies":[{"name":"wp","href":"https:\/\/api.w.org\/{rel}","templated":true}]}}